{"id":157,"date":"2025-04-15T20:10:38","date_gmt":"2025-04-15T18:10:38","guid":{"rendered":"https:\/\/kdu-ivanovice.cz\/?page_id=157"},"modified":"2025-04-15T21:28:45","modified_gmt":"2025-04-15T19:28:45","slug":"koncepce-navrhy","status":"publish","type":"page","link":"https:\/\/kdu-ivanovice.cz\/?page_id=157","title":{"rendered":"Koncepce a n\u00e1vrhy"},"content":{"rendered":"\n<h2 class=\"wp-block-heading\">Koncepce pl\u00e1n \u00fadr\u017eby a \u00faklidu<\/h2>\n\n\n\n<div class=\"wp-block-buttons is-layout-flex wp-block-buttons-is-layout-flex\">\n<div class=\"wp-block-button has-custom-width wp-block-button__width-100 is-style-secondary\"><a class=\"wp-block-button__link wp-element-button\" href=\"https:\/\/kdu-ivanovice.cz\/wp-content\/uploads\/2025\/04\/MC-Ivanovice-koncepce-udrzby-a-uklidu_v2.pdf\" target=\"_blank\" rel=\"noreferrer noopener\">MC-Ivanovice-koncepce-udrzby-a-uklidu_v2.pdf<\/a><\/div>\n<\/div>\n\n\n\n<p><\/p>\n","protected":false},"excerpt":{"rendered":"<p>Koncepce pl\u00e1n \u00fadr\u017eby a \u00faklidu<\/p>\n","protected":false},"author":1,"featured_media":0,"parent":0,"menu_order":0,"comment_status":"closed","ping_status":"closed","template":"","meta":{"neve_meta_sidebar":"","neve_meta_container":"","neve_meta_enable_content_width":"","neve_meta_content_width":0,"neve_meta_title_alignment":"","neve_meta_author_avatar":"","neve_post_elements_order":"","neve_meta_disable_header":"","neve_meta_disable_footer":"","neve_meta_disable_title":"","footnotes":""},"class_list":["post-157","page","type-page","status-publish","hentry"],"_links":{"self":[{"href":"https:\/\/kdu-ivanovice.cz\/index.php?rest_route=\/wp\/v2\/pages\/157","targetHints":{"allow":["GET"]}}],"collection":[{"href":"https:\/\/kdu-ivanovice.cz\/index.php?rest_route=\/wp\/v2\/pages"}],"about":[{"href":"https:\/\/kdu-ivanovice.cz\/index.php?rest_route=\/wp\/v2\/types\/page"}],"author":[{"embeddable":true,"href":"https:\/\/kdu-ivanovice.cz\/index.php?rest_route=\/wp\/v2\/users\/1"}],"replies":[{"embeddable":true,"href":"https:\/\/kdu-ivanovice.cz\/index.php?rest_route=%2Fwp%2Fv2%2Fcomments&post=157"}],"version-history":[{"count":3,"href":"https:\/\/kdu-ivanovice.cz\/index.php?rest_route=\/wp\/v2\/pages\/157\/revisions"}],"predecessor-version":[{"id":200,"href":"https:\/\/kdu-ivanovice.cz\/index.php?rest_route=\/wp\/v2\/pages\/157\/revisions\/200"}],"wp:attachment":[{"href":"https:\/\/kdu-ivanovice.cz\/index.php?rest_route=%2Fwp%2Fv2%2Fmedia&parent=157"}],"curies":[{"name":"wp","href":"https:\/\/api.w.org\/{rel}","templated":true}]}}