{"id":161,"date":"2025-04-15T20:18:09","date_gmt":"2025-04-15T18:18:09","guid":{"rendered":"https:\/\/kdu-ivanovice.cz\/?page_id=161"},"modified":"2025-04-15T20:18:09","modified_gmt":"2025-04-15T18:18:09","slug":"kalendar-akci-v-ivanovicich","status":"publish","type":"page","link":"https:\/\/kdu-ivanovice.cz\/?page_id=161","title":{"rendered":"Kalend\u00e1\u0159 akc\u00ed v Ivanovic\u00edch"},"content":{"rendered":"\n<figure style=\"font-size:20px\" class=\"wp-block-table\"><table><tbody><tr><td class=\"has-text-align-right\" data-align=\"right\"><strong>Duben<\/strong><\/td><td class=\"has-text-align-left\" data-align=\"left\">13. 4. 2025 &#8211; \u010clov\u011b\u010de nezlob se!<br>30. 4. 2025 &#8211; P\u00e1len\u00ed \u010darodejnic<\/td><\/tr><tr><td class=\"has-text-align-right\" data-align=\"right\"><strong>Kv\u011bten<\/strong><\/td><td class=\"has-text-align-left\" data-align=\"left\">17. 5. 2025 &#8211; Swap rostlin a sazenic<br>24. 5. 2025 &#8211; D\u011btsk\u00fd sportovn\u00ed den<\/td><\/tr><tr><td class=\"has-text-align-right\" data-align=\"right\"><strong>\u010cerven<\/strong><\/td><td class=\"has-text-align-left\" data-align=\"left\">14. 6. 2025 &#8211; Babsk\u00e9 hody<br>Ryb\u00e1\u0159sk\u00e9 z\u00e1vody<br>18. 6. 2025 &#8211; Zased\u00e1n\u00ed zastupitestva<\/td><\/tr><tr><td class=\"has-text-align-right\" data-align=\"right\"><strong>\u010cervenec<\/strong><\/td><td class=\"has-text-align-left\" data-align=\"left\">Letn\u00ed kino pro ve\u0159ejnost<\/td><\/tr><tr><td class=\"has-text-align-right\" data-align=\"right\"><strong>Srpen<\/strong><\/td><td class=\"has-text-align-left\" data-align=\"left\">23. &#8211; 24. 8. 2025 &#8211; Bartolom\u011bjsk\u00e9 hody<\/td><\/tr><tr><td class=\"has-text-align-right\" data-align=\"right\"><strong>Z\u00e1\u0159\u00ed<\/strong><\/td><td class=\"has-text-align-left\" data-align=\"left\">17. 9. 2025 &#8211; Zased\u00e1n\u00ed zastupitelstva<br>Poh\u00e1dkov\u00fd les<br>Skautsk\u00e9 odpoledne<br>K\u00e1cen\u00ed m\u00e1je<br>Utopenci<\/td><\/tr><tr><td class=\"has-text-align-right\" data-align=\"right\"><strong>Listopad<\/strong><\/td><td class=\"has-text-align-left\" data-align=\"left\">11. 11. 2025 &#8211; Sv. Martin a Lampi\u00f3nov\u00fd pr\u016fvod<br>\u010clov\u011b\u010de nezlob se!<br>19. 11. 2025 &#8211; Zased\u00e1n\u00ed zastupitelstva<\/td><\/tr><tr><td class=\"has-text-align-right\" data-align=\"right\"><strong>Prosinec<\/strong><\/td><td class=\"has-text-align-left\" data-align=\"left\">V\u00e1no\u010dn\u00ed turnaj v pinecu<br>6. 12. 2025 &#8211; Sv. Mikul\u00e1\u0161 a rozsv\u011bcov\u00e1n\u00ed v\u00e1no\u010dn\u00edho stromu<br>10. 12. 2025 &#8211; Zased\u00e1n\u00ed zastupitelstva<br>21. 12. 2025 &#8211; V\u00e1no\u010dn\u00ed tvo\u0159iv\u00e1 d\u00edlna<br>21. 12. 2025 &#8211; V\u00e1noce v Ivanovic\u00edch<br>21. 12. 2025 &#8211; V\u00e1no\u010dn\u00ed divadeln\u00ed p\u0159edstaven\u00ed<br>24. 12. 2025 &#8211; V\u00e1no\u010dn\u00ed setk\u00e1n\u00ed ivanovick\u00fdch soused\u016f u DD<\/td><\/tr><\/tbody><\/table><\/figure>\n","protected":false},"excerpt":{"rendered":"<p>Duben 13. 4. 2025 &#8211; \u010clov\u011b\u010de nezlob se!30. 4. 2025 &#8211; P\u00e1len\u00ed \u010darodejnic Kv\u011bten 17. 5. 2025 &#8211; Swap rostlin a sazenic24. 5. 2025 &#8211; D\u011btsk\u00fd sportovn\u00ed den \u010cerven 14. 6. 2025 &#8211; Babsk\u00e9 hodyRyb\u00e1\u0159sk\u00e9 z\u00e1vody18. 6. 2025 &#8211; Zased\u00e1n\u00ed zastupitestva \u010cervenec Letn\u00ed kino pro ve\u0159ejnost Srpen 23. &#8211; 24. 8. 2025 &#8211; Bartolom\u011bjsk\u00e9 hody&hellip;&nbsp;<a href=\"https:\/\/kdu-ivanovice.cz\/?page_id=161\" class=\"\" rel=\"bookmark\">\u010c\u00edst d\u00e1le &raquo;<span class=\"screen-reader-text\">Kalend\u00e1\u0159 akc\u00ed v Ivanovic\u00edch<\/span><\/a><\/p>\n","protected":false},"author":1,"featured_media":0,"parent":0,"menu_order":0,"comment_status":"closed","ping_status":"closed","template":"","meta":{"neve_meta_sidebar":"","neve_meta_container":"","neve_meta_enable_content_width":"","neve_meta_content_width":0,"neve_meta_title_alignment":"","neve_meta_author_avatar":"","neve_post_elements_order":"","neve_meta_disable_header":"","neve_meta_disable_footer":"","neve_meta_disable_title":"","footnotes":""},"class_list":["post-161","page","type-page","status-publish","hentry"],"_links":{"self":[{"href":"https:\/\/kdu-ivanovice.cz\/index.php?rest_route=\/wp\/v2\/pages\/161","targetHints":{"allow":["GET"]}}],"collection":[{"href":"https:\/\/kdu-ivanovice.cz\/index.php?rest_route=\/wp\/v2\/pages"}],"about":[{"href":"https:\/\/kdu-ivanovice.cz\/index.php?rest_route=\/wp\/v2\/types\/page"}],"author":[{"embeddable":true,"href":"https:\/\/kdu-ivanovice.cz\/index.php?rest_route=\/wp\/v2\/users\/1"}],"replies":[{"embeddable":true,"href":"https:\/\/kdu-ivanovice.cz\/index.php?rest_route=%2Fwp%2Fv2%2Fcomments&post=161"}],"version-history":[{"count":1,"href":"https:\/\/kdu-ivanovice.cz\/index.php?rest_route=\/wp\/v2\/pages\/161\/revisions"}],"predecessor-version":[{"id":163,"href":"https:\/\/kdu-ivanovice.cz\/index.php?rest_route=\/wp\/v2\/pages\/161\/revisions\/163"}],"wp:attachment":[{"href":"https:\/\/kdu-ivanovice.cz\/index.php?rest_route=%2Fwp%2Fv2%2Fmedia&parent=161"}],"curies":[{"name":"wp","href":"https:\/\/api.w.org\/{rel}","templated":true}]}}